{"id":38974,"date":"2023-12-28T16:15:50","date_gmt":"2023-12-28T16:15:50","guid":{"rendered":"https:\/\/staliprodistribution.com\/?post_type=product&#038;p=38974"},"modified":"2024-01-03T16:09:10","modified_gmt":"2024-01-03T16:09:10","slug":"glace-fraise","status":"publish","type":"product","link":"https:\/\/staliprodistribution.com\/fr\/product\/glace-fraise\/","title":{"rendered":"Glace Fraise"},"content":{"rendered":"","protected":false},"excerpt":{"rendered":"<p>Chaque cuiller\u00e9e est une explosion de saveurs sucr\u00e9es, mettant en vedette la douceur naturelle des fraises juteuses dans une glace cr\u00e9meuse et rafra\u00eechissante.<\/p>","protected":false},"featured_media":38975,"template":"","meta":[],"product_cat":[145],"product_tag":[],"class_list":{"0":"post-38974","1":"product","2":"type-product","3":"status-publish","4":"has-post-thumbnail","6":"product_cat-desserts-et-tartes","9":"first","10":"instock","11":"shipping-taxable","12":"product-type-simple"},"aioseo_notices":[],"_links":{"self":[{"href":"https:\/\/staliprodistribution.com\/fr\/wp-json\/wp\/v2\/product\/38974"}],"collection":[{"href":"https:\/\/staliprodistribution.com\/fr\/wp-json\/wp\/v2\/product"}],"about":[{"href":"https:\/\/staliprodistribution.com\/fr\/wp-json\/wp\/v2\/types\/product"}],"version-history":[{"count":3,"href":"https:\/\/staliprodistribution.com\/fr\/wp-json\/wp\/v2\/product\/38974\/revisions"}],"predecessor-version":[{"id":40290,"href":"https:\/\/staliprodistribution.com\/fr\/wp-json\/wp\/v2\/product\/38974\/revisions\/40290"}],"wp:featuredmedia":[{"embeddable":true,"href":"https:\/\/staliprodistribution.com\/fr\/wp-json\/wp\/v2\/media\/38975"}],"wp:attachment":[{"href":"https:\/\/staliprodistribution.com\/fr\/wp-json\/wp\/v2\/media?parent=38974"}],"wp:term":[{"taxonomy":"product_cat","embeddable":true,"href":"https:\/\/staliprodistribution.com\/fr\/wp-json\/wp\/v2\/product_cat?post=38974"},{"taxonomy":"product_tag","embeddable":true,"href":"https:\/\/staliprodistribution.com\/fr\/wp-json\/wp\/v2\/product_tag?post=38974"}],"curies":[{"name":"wp","href":"https:\/\/api.w.org\/{rel}","templated":true}]}}