{"id":38962,"date":"2023-12-28T15:59:37","date_gmt":"2023-12-28T15:59:37","guid":{"rendered":"https:\/\/staliprodistribution.com\/?post_type=product&#038;p=38962"},"modified":"2024-01-03T13:26:31","modified_gmt":"2024-01-03T13:26:31","slug":"ananas-surgeles","status":"publish","type":"product","link":"https:\/\/staliprodistribution.com\/fr\/product\/ananas-surgeles\/","title":{"rendered":"Ananas Surgel\u00e9s"},"content":{"rendered":"<p>R\u00e9colt\u00e9s \u00e0 leur maturit\u00e9 optimale et surgel\u00e9s pour pr\u00e9server leur fra\u00eecheur, ces morceaux juteux sont une explosion de saveurs sucr\u00e9es. Une option pratique pour des smoothies rafra\u00eechissants, desserts exotiques ou tout simplement pour une touche ensoleill\u00e9e \u00e0 vos plats.<\/p>","protected":false},"excerpt":{"rendered":"<p>R\u00e9colt\u00e9s \u00e0 leur maturit\u00e9 optimale et surgel\u00e9s pour pr\u00e9server leur fra\u00eecheur, ces morceaux juteux sont une explosion de saveurs sucr\u00e9es. Une option pratique pour des smoothies rafra\u00eechissants, desserts exotiques ou tout simplement pour une touche ensoleill\u00e9e \u00e0 vos plats.<\/p>","protected":false},"featured_media":38963,"template":"","meta":[],"product_cat":[144,67],"product_tag":[],"class_list":{"0":"post-38962","1":"product","2":"type-product","3":"status-publish","4":"has-post-thumbnail","6":"product_cat-conserves-et-legumes","7":"product_cat-fruits-legumes","10":"first","11":"instock","12":"shipping-taxable","13":"product-type-simple"},"aioseo_notices":[],"_links":{"self":[{"href":"https:\/\/staliprodistribution.com\/fr\/wp-json\/wp\/v2\/product\/38962"}],"collection":[{"href":"https:\/\/staliprodistribution.com\/fr\/wp-json\/wp\/v2\/product"}],"about":[{"href":"https:\/\/staliprodistribution.com\/fr\/wp-json\/wp\/v2\/types\/product"}],"version-history":[{"count":2,"href":"https:\/\/staliprodistribution.com\/fr\/wp-json\/wp\/v2\/product\/38962\/revisions"}],"predecessor-version":[{"id":40071,"href":"https:\/\/staliprodistribution.com\/fr\/wp-json\/wp\/v2\/product\/38962\/revisions\/40071"}],"wp:featuredmedia":[{"embeddable":true,"href":"https:\/\/staliprodistribution.com\/fr\/wp-json\/wp\/v2\/media\/38963"}],"wp:attachment":[{"href":"https:\/\/staliprodistribution.com\/fr\/wp-json\/wp\/v2\/media?parent=38962"}],"wp:term":[{"taxonomy":"product_cat","embeddable":true,"href":"https:\/\/staliprodistribution.com\/fr\/wp-json\/wp\/v2\/product_cat?post=38962"},{"taxonomy":"product_tag","embeddable":true,"href":"https:\/\/staliprodistribution.com\/fr\/wp-json\/wp\/v2\/product_tag?post=38962"}],"curies":[{"name":"wp","href":"https:\/\/api.w.org\/{rel}","templated":true}]}}