{"id":38959,"date":"2023-12-28T15:57:15","date_gmt":"2023-12-28T15:57:15","guid":{"rendered":"https:\/\/staliprodistribution.com\/?post_type=product&#038;p=38959"},"modified":"2024-01-03T13:32:47","modified_gmt":"2024-01-03T13:32:47","slug":"fromboises-surgeles","status":"publish","type":"product","link":"https:\/\/staliprodistribution.com\/fr\/product\/fromboises-surgeles\/","title":{"rendered":"Fromboises surgel\u00e9es"},"content":{"rendered":"<p>Cueillies \u00e0 leur apog\u00e9e et instantan\u00e9ment surgel\u00e9es pour pr\u00e9server leur fra\u00eecheur, ces petites merveilles rouges ajoutent une explosion de saveurs vibrantes \u00e0 vos cr\u00e9ations culinaires. Parfaites pour les smoothies, les desserts et bien plus encore, nos Framboises Surgel\u00e9es offrent une exp\u00e9rience fruit\u00e9e d\u00e9licieuse, pr\u00eate \u00e0 \u00eatre d\u00e9gust\u00e9e \u00e0 tout moment.<\/p>","protected":false},"excerpt":{"rendered":"<p>Cueillies \u00e0 leur apog\u00e9e et instantan\u00e9ment surgel\u00e9es pour pr\u00e9server leur fra\u00eecheur, ces petites merveilles rouges ajoutent une explosion de saveurs vibrantes \u00e0 vos cr\u00e9ations culinaires. Parfaites pour les smoothies, les desserts et bien plus encore, nos Framboises Surgel\u00e9es offrent une exp\u00e9rience fruit\u00e9e d\u00e9licieuse, pr\u00eate \u00e0 \u00eatre d\u00e9gust\u00e9e \u00e0 tout moment.<\/p>","protected":false},"featured_media":38960,"template":"","meta":[],"product_cat":[144,67],"product_tag":[],"class_list":{"0":"post-38959","1":"product","2":"type-product","3":"status-publish","4":"has-post-thumbnail","6":"product_cat-conserves-et-legumes","7":"product_cat-fruits-legumes","10":"first","11":"instock","12":"shipping-taxable","13":"product-type-simple"},"aioseo_notices":[],"_links":{"self":[{"href":"https:\/\/staliprodistribution.com\/fr\/wp-json\/wp\/v2\/product\/38959"}],"collection":[{"href":"https:\/\/staliprodistribution.com\/fr\/wp-json\/wp\/v2\/product"}],"about":[{"href":"https:\/\/staliprodistribution.com\/fr\/wp-json\/wp\/v2\/types\/product"}],"version-history":[{"count":2,"href":"https:\/\/staliprodistribution.com\/fr\/wp-json\/wp\/v2\/product\/38959\/revisions"}],"predecessor-version":[{"id":40087,"href":"https:\/\/staliprodistribution.com\/fr\/wp-json\/wp\/v2\/product\/38959\/revisions\/40087"}],"wp:featuredmedia":[{"embeddable":true,"href":"https:\/\/staliprodistribution.com\/fr\/wp-json\/wp\/v2\/media\/38960"}],"wp:attachment":[{"href":"https:\/\/staliprodistribution.com\/fr\/wp-json\/wp\/v2\/media?parent=38959"}],"wp:term":[{"taxonomy":"product_cat","embeddable":true,"href":"https:\/\/staliprodistribution.com\/fr\/wp-json\/wp\/v2\/product_cat?post=38959"},{"taxonomy":"product_tag","embeddable":true,"href":"https:\/\/staliprodistribution.com\/fr\/wp-json\/wp\/v2\/product_tag?post=38959"}],"curies":[{"name":"wp","href":"https:\/\/api.w.org\/{rel}","templated":true}]}}