{"id":38956,"date":"2023-12-28T15:53:56","date_gmt":"2023-12-28T15:53:56","guid":{"rendered":"https:\/\/staliprodistribution.com\/?post_type=product&#038;p=38956"},"modified":"2024-01-03T13:31:43","modified_gmt":"2024-01-03T13:31:43","slug":"fraise-surgele","status":"publish","type":"product","link":"https:\/\/staliprodistribution.com\/fr\/product\/fraise-surgele\/","title":{"rendered":"Fraises surgel\u00e9es"},"content":{"rendered":"<p>D\u00e9couvrez l&rsquo;\u00e9clat sucr\u00e9 de l&rsquo;\u00e9t\u00e9 \u00e0 tout moment avec nos Fraises Surgel\u00e9es Stali Pro. Cueillies \u00e0 la perfection et surgel\u00e9es pour pr\u00e9server leur fra\u00eecheur, ces d\u00e9licieuses fraises sont pr\u00eates \u00e0 ajouter une touche fruit\u00e9e \u00e0 vos desserts, smoothies ou collations.<\/p>","protected":false},"excerpt":{"rendered":"<p>D\u00e9couvrez l&rsquo;\u00e9clat sucr\u00e9 de l&rsquo;\u00e9t\u00e9 \u00e0 tout moment avec nos Fraises Surgel\u00e9es Stali Pro. Cueillies \u00e0 la perfection et surgel\u00e9es pour pr\u00e9server leur fra\u00eecheur, ces d\u00e9licieuses fraises sont pr\u00eates \u00e0 ajouter une touche fruit\u00e9e \u00e0 vos desserts, smoothies ou collations.<\/p>","protected":false},"featured_media":38957,"template":"","meta":[],"product_cat":[144,67],"product_tag":[],"class_list":{"0":"post-38956","1":"product","2":"type-product","3":"status-publish","4":"has-post-thumbnail","6":"product_cat-conserves-et-legumes","7":"product_cat-fruits-legumes","10":"first","11":"instock","12":"shipping-taxable","13":"product-type-simple"},"aioseo_notices":[],"_links":{"self":[{"href":"https:\/\/staliprodistribution.com\/fr\/wp-json\/wp\/v2\/product\/38956"}],"collection":[{"href":"https:\/\/staliprodistribution.com\/fr\/wp-json\/wp\/v2\/product"}],"about":[{"href":"https:\/\/staliprodistribution.com\/fr\/wp-json\/wp\/v2\/types\/product"}],"version-history":[{"count":2,"href":"https:\/\/staliprodistribution.com\/fr\/wp-json\/wp\/v2\/product\/38956\/revisions"}],"predecessor-version":[{"id":40083,"href":"https:\/\/staliprodistribution.com\/fr\/wp-json\/wp\/v2\/product\/38956\/revisions\/40083"}],"wp:featuredmedia":[{"embeddable":true,"href":"https:\/\/staliprodistribution.com\/fr\/wp-json\/wp\/v2\/media\/38957"}],"wp:attachment":[{"href":"https:\/\/staliprodistribution.com\/fr\/wp-json\/wp\/v2\/media?parent=38956"}],"wp:term":[{"taxonomy":"product_cat","embeddable":true,"href":"https:\/\/staliprodistribution.com\/fr\/wp-json\/wp\/v2\/product_cat?post=38956"},{"taxonomy":"product_tag","embeddable":true,"href":"https:\/\/staliprodistribution.com\/fr\/wp-json\/wp\/v2\/product_tag?post=38956"}],"curies":[{"name":"wp","href":"https:\/\/api.w.org\/{rel}","templated":true}]}}