{"id":38901,"date":"2023-12-28T14:54:20","date_gmt":"2023-12-28T14:54:20","guid":{"rendered":"https:\/\/staliprodistribution.com\/?post_type=product&#038;p=38901"},"modified":"2024-01-03T14:57:26","modified_gmt":"2024-01-03T14:57:26","slug":"tomates","status":"publish","type":"product","link":"https:\/\/staliprodistribution.com\/fr\/product\/tomates\/","title":{"rendered":"Tomates"},"content":{"rendered":"<p>Cultiv\u00e9es avec soin et s\u00e9lectionn\u00e9es pour leur qualit\u00e9 exceptionnelle, nos tomates offrent une explosion de go\u00fbt dans chaque bouch\u00e9e.<\/p>","protected":false},"excerpt":{"rendered":"<p>Cultiv\u00e9es avec soin et s\u00e9lectionn\u00e9es pour leur qualit\u00e9 exceptionnelle, nos tomates offrent une explosion de go\u00fbt dans chaque bouch\u00e9e.<\/p>","protected":false},"featured_media":38902,"template":"","meta":[],"product_cat":[144],"product_tag":[],"class_list":{"0":"post-38901","1":"product","2":"type-product","3":"status-publish","4":"has-post-thumbnail","6":"product_cat-conserves-et-legumes","9":"first","10":"instock","11":"shipping-taxable","12":"product-type-simple"},"aioseo_notices":[],"_links":{"self":[{"href":"https:\/\/staliprodistribution.com\/fr\/wp-json\/wp\/v2\/product\/38901"}],"collection":[{"href":"https:\/\/staliprodistribution.com\/fr\/wp-json\/wp\/v2\/product"}],"about":[{"href":"https:\/\/staliprodistribution.com\/fr\/wp-json\/wp\/v2\/types\/product"}],"version-history":[{"count":2,"href":"https:\/\/staliprodistribution.com\/fr\/wp-json\/wp\/v2\/product\/38901\/revisions"}],"predecessor-version":[{"id":40186,"href":"https:\/\/staliprodistribution.com\/fr\/wp-json\/wp\/v2\/product\/38901\/revisions\/40186"}],"wp:featuredmedia":[{"embeddable":true,"href":"https:\/\/staliprodistribution.com\/fr\/wp-json\/wp\/v2\/media\/38902"}],"wp:attachment":[{"href":"https:\/\/staliprodistribution.com\/fr\/wp-json\/wp\/v2\/media?parent=38901"}],"wp:term":[{"taxonomy":"product_cat","embeddable":true,"href":"https:\/\/staliprodistribution.com\/fr\/wp-json\/wp\/v2\/product_cat?post=38901"},{"taxonomy":"product_tag","embeddable":true,"href":"https:\/\/staliprodistribution.com\/fr\/wp-json\/wp\/v2\/product_tag?post=38901"}],"curies":[{"name":"wp","href":"https:\/\/api.w.org\/{rel}","templated":true}]}}