{"id":38888,"date":"2023-12-28T14:41:53","date_gmt":"2023-12-28T14:41:53","guid":{"rendered":"https:\/\/staliprodistribution.com\/?post_type=product&#038;p=38888"},"modified":"2024-01-03T13:22:54","modified_gmt":"2024-01-03T13:22:54","slug":"olive-noir","status":"publish","type":"product","link":"https:\/\/staliprodistribution.com\/fr\/product\/olive-noir\/","title":{"rendered":"Olives Noires"},"content":{"rendered":"<p>Une exp\u00e9rience authentique qui transporte votre palais au c\u0153ur des oliveraies ensoleill\u00e9es.<\/p>","protected":false},"excerpt":{"rendered":"<p>Une exp\u00e9rience authentique qui transporte votre palais au c\u0153ur des oliveraies ensoleill\u00e9es.<\/p>","protected":false},"featured_media":38889,"template":"","meta":[],"product_cat":[144],"product_tag":[],"class_list":{"0":"post-38888","1":"product","2":"type-product","3":"status-publish","4":"has-post-thumbnail","6":"product_cat-conserves-et-legumes","9":"first","10":"instock","11":"shipping-taxable","12":"product-type-simple"},"aioseo_notices":[],"_links":{"self":[{"href":"https:\/\/staliprodistribution.com\/fr\/wp-json\/wp\/v2\/product\/38888"}],"collection":[{"href":"https:\/\/staliprodistribution.com\/fr\/wp-json\/wp\/v2\/product"}],"about":[{"href":"https:\/\/staliprodistribution.com\/fr\/wp-json\/wp\/v2\/types\/product"}],"version-history":[{"count":2,"href":"https:\/\/staliprodistribution.com\/fr\/wp-json\/wp\/v2\/product\/38888\/revisions"}],"predecessor-version":[{"id":40060,"href":"https:\/\/staliprodistribution.com\/fr\/wp-json\/wp\/v2\/product\/38888\/revisions\/40060"}],"wp:featuredmedia":[{"embeddable":true,"href":"https:\/\/staliprodistribution.com\/fr\/wp-json\/wp\/v2\/media\/38889"}],"wp:attachment":[{"href":"https:\/\/staliprodistribution.com\/fr\/wp-json\/wp\/v2\/media?parent=38888"}],"wp:term":[{"taxonomy":"product_cat","embeddable":true,"href":"https:\/\/staliprodistribution.com\/fr\/wp-json\/wp\/v2\/product_cat?post=38888"},{"taxonomy":"product_tag","embeddable":true,"href":"https:\/\/staliprodistribution.com\/fr\/wp-json\/wp\/v2\/product_tag?post=38888"}],"curies":[{"name":"wp","href":"https:\/\/api.w.org\/{rel}","templated":true}]}}