{"id":38848,"date":"2023-12-28T13:53:53","date_gmt":"2023-12-28T13:53:53","guid":{"rendered":"https:\/\/staliprodistribution.com\/?post_type=product&#038;p=38848"},"modified":"2024-01-03T16:10:21","modified_gmt":"2024-01-03T16:10:21","slug":"raclette-frais","status":"publish","type":"product","link":"https:\/\/staliprodistribution.com\/fr\/product\/raclette-frais\/","title":{"rendered":"Fromage Raclette frais"},"content":{"rendered":"","protected":false},"excerpt":{"rendered":"<p>D\u00e9couvrez la d\u00e9licatesse de notre Fromage Raclette Frais Stali Pro. Chaque tranche est une promesse de fondant et de cr\u00e9meux, capturant l&rsquo;essence authentique de la raclette dans sa forme la plus fra\u00eeche.<\/p>","protected":false},"featured_media":38849,"template":"","meta":[],"product_cat":[143],"product_tag":[],"class_list":{"0":"post-38848","1":"product","2":"type-product","3":"status-publish","4":"has-post-thumbnail","6":"product_cat-produits-laitiers-et-epicerie","9":"first","10":"instock","11":"shipping-taxable","12":"product-type-simple"},"aioseo_notices":[],"_links":{"self":[{"href":"https:\/\/staliprodistribution.com\/fr\/wp-json\/wp\/v2\/product\/38848"}],"collection":[{"href":"https:\/\/staliprodistribution.com\/fr\/wp-json\/wp\/v2\/product"}],"about":[{"href":"https:\/\/staliprodistribution.com\/fr\/wp-json\/wp\/v2\/types\/product"}],"version-history":[{"count":3,"href":"https:\/\/staliprodistribution.com\/fr\/wp-json\/wp\/v2\/product\/38848\/revisions"}],"predecessor-version":[{"id":40298,"href":"https:\/\/staliprodistribution.com\/fr\/wp-json\/wp\/v2\/product\/38848\/revisions\/40298"}],"wp:featuredmedia":[{"embeddable":true,"href":"https:\/\/staliprodistribution.com\/fr\/wp-json\/wp\/v2\/media\/38849"}],"wp:attachment":[{"href":"https:\/\/staliprodistribution.com\/fr\/wp-json\/wp\/v2\/media?parent=38848"}],"wp:term":[{"taxonomy":"product_cat","embeddable":true,"href":"https:\/\/staliprodistribution.com\/fr\/wp-json\/wp\/v2\/product_cat?post=38848"},{"taxonomy":"product_tag","embeddable":true,"href":"https:\/\/staliprodistribution.com\/fr\/wp-json\/wp\/v2\/product_tag?post=38848"}],"curies":[{"name":"wp","href":"https:\/\/api.w.org\/{rel}","templated":true}]}}