{"id":38794,"date":"2023-12-28T12:06:26","date_gmt":"2023-12-28T12:06:26","guid":{"rendered":"https:\/\/staliprodistribution.com\/?post_type=product&#038;p=38794"},"modified":"2024-01-03T16:11:45","modified_gmt":"2024-01-03T16:11:45","slug":"huile-de-tournesol-5l","status":"publish","type":"product","link":"https:\/\/staliprodistribution.com\/fr\/product\/huile-de-tournesol-5l\/","title":{"rendered":"Huile de Tournesol 5L"},"content":{"rendered":"","protected":false},"excerpt":{"rendered":"<p>Press\u00e9e \u00e0 partir des graines de tournesol les plus fines, notre huile offre une base l\u00e9g\u00e8re et neutre id\u00e9ale pour toutes vos pr\u00e9parations culinaires. Sa texture d\u00e9licate et sa haute r\u00e9sistance \u00e0 la chaleur en font un choix parfait pour la cuisson, la friture ou la vinaigrette.<\/p>","protected":false},"featured_media":38796,"template":"","meta":[],"product_cat":[143],"product_tag":[],"class_list":{"0":"post-38794","1":"product","2":"type-product","3":"status-publish","4":"has-post-thumbnail","6":"product_cat-produits-laitiers-et-epicerie","9":"first","10":"instock","11":"shipping-taxable","12":"product-type-simple"},"aioseo_notices":[],"_links":{"self":[{"href":"https:\/\/staliprodistribution.com\/fr\/wp-json\/wp\/v2\/product\/38794"}],"collection":[{"href":"https:\/\/staliprodistribution.com\/fr\/wp-json\/wp\/v2\/product"}],"about":[{"href":"https:\/\/staliprodistribution.com\/fr\/wp-json\/wp\/v2\/types\/product"}],"version-history":[{"count":3,"href":"https:\/\/staliprodistribution.com\/fr\/wp-json\/wp\/v2\/product\/38794\/revisions"}],"predecessor-version":[{"id":40307,"href":"https:\/\/staliprodistribution.com\/fr\/wp-json\/wp\/v2\/product\/38794\/revisions\/40307"}],"wp:featuredmedia":[{"embeddable":true,"href":"https:\/\/staliprodistribution.com\/fr\/wp-json\/wp\/v2\/media\/38796"}],"wp:attachment":[{"href":"https:\/\/staliprodistribution.com\/fr\/wp-json\/wp\/v2\/media?parent=38794"}],"wp:term":[{"taxonomy":"product_cat","embeddable":true,"href":"https:\/\/staliprodistribution.com\/fr\/wp-json\/wp\/v2\/product_cat?post=38794"},{"taxonomy":"product_tag","embeddable":true,"href":"https:\/\/staliprodistribution.com\/fr\/wp-json\/wp\/v2\/product_tag?post=38794"}],"curies":[{"name":"wp","href":"https:\/\/api.w.org\/{rel}","templated":true}]}}