{"id":38701,"date":"2023-12-28T10:36:24","date_gmt":"2023-12-28T10:36:24","guid":{"rendered":"https:\/\/staliprodistribution.com\/?post_type=product&#038;p=38701"},"modified":"2024-01-03T16:13:25","modified_gmt":"2024-01-03T16:13:25","slug":"lait-demi-ecreme","status":"publish","type":"product","link":"https:\/\/staliprodistribution.com\/fr\/product\/lait-demi-ecreme\/","title":{"rendered":"Lait demi \u00e9cr\u00e9m\u00e9"},"content":{"rendered":"","protected":false},"excerpt":{"rendered":"<p>Savamment s\u00e9lectionn\u00e9 et trait\u00e9 pour obtenir la teneur parfaite en mati\u00e8res grasses, notre lait demi-\u00e9cr\u00e9m\u00e9 offre une exp\u00e9rience cr\u00e9meuse sans compromettre la l\u00e9g\u00e8ret\u00e9.<\/p>","protected":false},"featured_media":38700,"template":"","meta":[],"product_cat":[91,143],"product_tag":[],"class_list":{"0":"post-38701","1":"product","2":"type-product","3":"status-publish","4":"has-post-thumbnail","6":"product_cat-boissons","7":"product_cat-produits-laitiers-et-epicerie","10":"first","11":"instock","12":"shipping-taxable","13":"product-type-simple"},"aioseo_notices":[],"_links":{"self":[{"href":"https:\/\/staliprodistribution.com\/fr\/wp-json\/wp\/v2\/product\/38701"}],"collection":[{"href":"https:\/\/staliprodistribution.com\/fr\/wp-json\/wp\/v2\/product"}],"about":[{"href":"https:\/\/staliprodistribution.com\/fr\/wp-json\/wp\/v2\/types\/product"}],"version-history":[{"count":3,"href":"https:\/\/staliprodistribution.com\/fr\/wp-json\/wp\/v2\/product\/38701\/revisions"}],"predecessor-version":[{"id":40315,"href":"https:\/\/staliprodistribution.com\/fr\/wp-json\/wp\/v2\/product\/38701\/revisions\/40315"}],"wp:featuredmedia":[{"embeddable":true,"href":"https:\/\/staliprodistribution.com\/fr\/wp-json\/wp\/v2\/media\/38700"}],"wp:attachment":[{"href":"https:\/\/staliprodistribution.com\/fr\/wp-json\/wp\/v2\/media?parent=38701"}],"wp:term":[{"taxonomy":"product_cat","embeddable":true,"href":"https:\/\/staliprodistribution.com\/fr\/wp-json\/wp\/v2\/product_cat?post=38701"},{"taxonomy":"product_tag","embeddable":true,"href":"https:\/\/staliprodistribution.com\/fr\/wp-json\/wp\/v2\/product_tag?post=38701"}],"curies":[{"name":"wp","href":"https:\/\/api.w.org\/{rel}","templated":true}]}}