{"id":38673,"date":"2023-12-28T09:50:16","date_gmt":"2023-12-28T09:50:16","guid":{"rendered":"https:\/\/staliprodistribution.com\/?post_type=product&#038;p=38673"},"modified":"2024-01-03T15:05:02","modified_gmt":"2024-01-03T15:05:02","slug":"pain-hot-dog","status":"publish","type":"product","link":"https:\/\/staliprodistribution.com\/fr\/product\/pain-hot-dog\/","title":{"rendered":"Pain Hot Dog"},"content":{"rendered":"<p>Chaque pain est une ode \u00e0 la douceur moelleuse et \u00e0 la l\u00e9g\u00e8re croustillance, con\u00e7u sp\u00e9cialement pour accueillir votre hot-dog pr\u00e9f\u00e9r\u00e9. Fra\u00eechement pr\u00e9par\u00e9 et emball\u00e9 pour pr\u00e9server sa fra\u00eecheur, notre Pain Hot Dog Stali Pro est l&rsquo;accompagnement id\u00e9al pour transformer chaque bouch\u00e9e en une exp\u00e9rience d\u00e9licieusement m\u00e9morable.<\/p>","protected":false},"excerpt":{"rendered":"<p>Chaque pain est une ode \u00e0 la douceur moelleuse et \u00e0 la l\u00e9g\u00e8re croustillance, con\u00e7u sp\u00e9cialement pour accueillir votre hot-dog pr\u00e9f\u00e9r\u00e9. Fra\u00eechement pr\u00e9par\u00e9 et emball\u00e9 pour pr\u00e9server sa fra\u00eecheur, notre Pain Hot Dog Stali Pro est l&rsquo;accompagnement id\u00e9al pour transformer chaque bouch\u00e9e en une exp\u00e9rience d\u00e9licieusement m\u00e9morable.<\/p>","protected":false},"featured_media":38674,"template":"","meta":[],"product_cat":[71],"product_tag":[],"class_list":{"0":"post-38673","1":"product","2":"type-product","3":"status-publish","4":"has-post-thumbnail","6":"product_cat-pain","9":"first","10":"instock","11":"shipping-taxable","12":"product-type-simple"},"aioseo_notices":[],"_links":{"self":[{"href":"https:\/\/staliprodistribution.com\/fr\/wp-json\/wp\/v2\/product\/38673"}],"collection":[{"href":"https:\/\/staliprodistribution.com\/fr\/wp-json\/wp\/v2\/product"}],"about":[{"href":"https:\/\/staliprodistribution.com\/fr\/wp-json\/wp\/v2\/types\/product"}],"version-history":[{"count":2,"href":"https:\/\/staliprodistribution.com\/fr\/wp-json\/wp\/v2\/product\/38673\/revisions"}],"predecessor-version":[{"id":40197,"href":"https:\/\/staliprodistribution.com\/fr\/wp-json\/wp\/v2\/product\/38673\/revisions\/40197"}],"wp:featuredmedia":[{"embeddable":true,"href":"https:\/\/staliprodistribution.com\/fr\/wp-json\/wp\/v2\/media\/38674"}],"wp:attachment":[{"href":"https:\/\/staliprodistribution.com\/fr\/wp-json\/wp\/v2\/media?parent=38673"}],"wp:term":[{"taxonomy":"product_cat","embeddable":true,"href":"https:\/\/staliprodistribution.com\/fr\/wp-json\/wp\/v2\/product_cat?post=38673"},{"taxonomy":"product_tag","embeddable":true,"href":"https:\/\/staliprodistribution.com\/fr\/wp-json\/wp\/v2\/product_tag?post=38673"}],"curies":[{"name":"wp","href":"https:\/\/api.w.org\/{rel}","templated":true}]}}