{"id":38553,"date":"2023-12-27T11:34:52","date_gmt":"2023-12-27T11:34:52","guid":{"rendered":"https:\/\/staliprodistribution.com\/?post_type=product&#038;p=38553"},"modified":"2024-01-03T16:17:29","modified_gmt":"2024-01-03T16:17:29","slug":"camembert-bites","status":"publish","type":"product","link":"https:\/\/staliprodistribution.com\/fr\/product\/camembert-bites\/","title":{"rendered":"Camembert bites"},"content":{"rendered":"","protected":false},"excerpt":{"rendered":"<p>Chaque bouch\u00e9e est une explosion de cr\u00e9meux, avec l&rsquo;ext\u00e9rieur croustillant qui contraste d\u00e9licieusement avec la texture fondante du camembert.<\/p>","protected":false},"featured_media":38554,"template":"","meta":[],"product_cat":[142],"product_tag":[],"class_list":{"0":"post-38553","1":"product","2":"type-product","3":"status-publish","4":"has-post-thumbnail","6":"product_cat-frites-et-appetizers","9":"first","10":"instock","11":"shipping-taxable","12":"product-type-simple"},"aioseo_notices":[],"_links":{"self":[{"href":"https:\/\/staliprodistribution.com\/fr\/wp-json\/wp\/v2\/product\/38553"}],"collection":[{"href":"https:\/\/staliprodistribution.com\/fr\/wp-json\/wp\/v2\/product"}],"about":[{"href":"https:\/\/staliprodistribution.com\/fr\/wp-json\/wp\/v2\/types\/product"}],"version-history":[{"count":3,"href":"https:\/\/staliprodistribution.com\/fr\/wp-json\/wp\/v2\/product\/38553\/revisions"}],"predecessor-version":[{"id":40321,"href":"https:\/\/staliprodistribution.com\/fr\/wp-json\/wp\/v2\/product\/38553\/revisions\/40321"}],"wp:featuredmedia":[{"embeddable":true,"href":"https:\/\/staliprodistribution.com\/fr\/wp-json\/wp\/v2\/media\/38554"}],"wp:attachment":[{"href":"https:\/\/staliprodistribution.com\/fr\/wp-json\/wp\/v2\/media?parent=38553"}],"wp:term":[{"taxonomy":"product_cat","embeddable":true,"href":"https:\/\/staliprodistribution.com\/fr\/wp-json\/wp\/v2\/product_cat?post=38553"},{"taxonomy":"product_tag","embeddable":true,"href":"https:\/\/staliprodistribution.com\/fr\/wp-json\/wp\/v2\/product_tag?post=38553"}],"curies":[{"name":"wp","href":"https:\/\/api.w.org\/{rel}","templated":true}]}}