{"id":38547,"date":"2023-12-27T11:20:29","date_gmt":"2023-12-27T11:20:29","guid":{"rendered":"https:\/\/staliprodistribution.com\/?post_type=product&#038;p=38547"},"modified":"2024-01-03T16:15:32","modified_gmt":"2024-01-03T16:15:32","slug":"jalepenos-cheese","status":"publish","type":"product","link":"https:\/\/staliprodistribution.com\/fr\/product\/jalepenos-cheese\/","title":{"rendered":"Jalepenos cheese"},"content":{"rendered":"","protected":false},"excerpt":{"rendered":"<p>Pr\u00e9par\u00e9s avec soin pour cr\u00e9er un mariage parfait de saveurs, nos Jalape\u00f1os Cheese sont l&rsquo;accompagnement id\u00e9al pour ajouter une touche \u00e9pic\u00e9e \u00e0 vos plats pr\u00e9f\u00e9r\u00e9s.<\/p>","protected":false},"featured_media":38548,"template":"","meta":[],"product_cat":[142],"product_tag":[],"class_list":{"0":"post-38547","1":"product","2":"type-product","3":"status-publish","4":"has-post-thumbnail","6":"product_cat-frites-et-appetizers","9":"first","10":"instock","11":"shipping-taxable","12":"product-type-simple"},"aioseo_notices":[],"_links":{"self":[{"href":"https:\/\/staliprodistribution.com\/fr\/wp-json\/wp\/v2\/product\/38547"}],"collection":[{"href":"https:\/\/staliprodistribution.com\/fr\/wp-json\/wp\/v2\/product"}],"about":[{"href":"https:\/\/staliprodistribution.com\/fr\/wp-json\/wp\/v2\/types\/product"}],"version-history":[{"count":3,"href":"https:\/\/staliprodistribution.com\/fr\/wp-json\/wp\/v2\/product\/38547\/revisions"}],"predecessor-version":[{"id":40318,"href":"https:\/\/staliprodistribution.com\/fr\/wp-json\/wp\/v2\/product\/38547\/revisions\/40318"}],"wp:featuredmedia":[{"embeddable":true,"href":"https:\/\/staliprodistribution.com\/fr\/wp-json\/wp\/v2\/media\/38548"}],"wp:attachment":[{"href":"https:\/\/staliprodistribution.com\/fr\/wp-json\/wp\/v2\/media?parent=38547"}],"wp:term":[{"taxonomy":"product_cat","embeddable":true,"href":"https:\/\/staliprodistribution.com\/fr\/wp-json\/wp\/v2\/product_cat?post=38547"},{"taxonomy":"product_tag","embeddable":true,"href":"https:\/\/staliprodistribution.com\/fr\/wp-json\/wp\/v2\/product_tag?post=38547"}],"curies":[{"name":"wp","href":"https:\/\/api.w.org\/{rel}","templated":true}]}}