{"id":38453,"date":"2023-12-26T13:58:35","date_gmt":"2023-12-26T13:58:35","guid":{"rendered":"https:\/\/staliprodistribution.com\/?post_type=product&#038;p=38453"},"modified":"2024-01-03T13:20:49","modified_gmt":"2024-01-03T13:20:49","slug":"oisis","status":"publish","type":"product","link":"https:\/\/staliprodistribution.com\/fr\/product\/oisis\/","title":{"rendered":"Oasis"},"content":{"rendered":"<p>Un m\u00e9lange exquis de fruits gorg\u00e9s de soleil qui \u00e9veille les sens \u00e0 chaque gorg\u00e9e.<\/p>","protected":false},"excerpt":{"rendered":"<p>Un m\u00e9lange exquis de fruits gorg\u00e9s de soleil qui \u00e9veille les sens \u00e0 chaque gorg\u00e9e.<\/p>","protected":false},"featured_media":38454,"template":"","meta":[],"product_cat":[91],"product_tag":[],"class_list":{"0":"post-38453","1":"product","2":"type-product","3":"status-publish","4":"has-post-thumbnail","6":"product_cat-boissons","9":"first","10":"instock","11":"shipping-taxable","12":"product-type-simple"},"aioseo_notices":[],"_links":{"self":[{"href":"https:\/\/staliprodistribution.com\/fr\/wp-json\/wp\/v2\/product\/38453"}],"collection":[{"href":"https:\/\/staliprodistribution.com\/fr\/wp-json\/wp\/v2\/product"}],"about":[{"href":"https:\/\/staliprodistribution.com\/fr\/wp-json\/wp\/v2\/types\/product"}],"version-history":[{"count":2,"href":"https:\/\/staliprodistribution.com\/fr\/wp-json\/wp\/v2\/product\/38453\/revisions"}],"predecessor-version":[{"id":40059,"href":"https:\/\/staliprodistribution.com\/fr\/wp-json\/wp\/v2\/product\/38453\/revisions\/40059"}],"wp:featuredmedia":[{"embeddable":true,"href":"https:\/\/staliprodistribution.com\/fr\/wp-json\/wp\/v2\/media\/38454"}],"wp:attachment":[{"href":"https:\/\/staliprodistribution.com\/fr\/wp-json\/wp\/v2\/media?parent=38453"}],"wp:term":[{"taxonomy":"product_cat","embeddable":true,"href":"https:\/\/staliprodistribution.com\/fr\/wp-json\/wp\/v2\/product_cat?post=38453"},{"taxonomy":"product_tag","embeddable":true,"href":"https:\/\/staliprodistribution.com\/fr\/wp-json\/wp\/v2\/product_tag?post=38453"}],"curies":[{"name":"wp","href":"https:\/\/api.w.org\/{rel}","templated":true}]}}